{"id":10,"date":"2022-06-09T10:09:07","date_gmt":"2022-06-09T15:09:07","guid":{"rendered":"https:\/\/www.mercadeojaramillomora.com\/nuevosproyectospalmira\/?page_id=10"},"modified":"2024-12-05T11:44:16","modified_gmt":"2024-12-05T16:44:16","slug":"elementor-10","status":"publish","type":"page","link":"https:\/\/www.mercadeojaramillomora.com\/nuevosproyectospalmira\/","title":{"rendered":"Inicio"},"content":{"rendered":"\t\t<div data-elementor-type=\"wp-post\" data-elementor-id=\"10\" class=\"elementor elementor-10\">\n\t\t\t\t\t\t\t\t\t<section class=\"elementor-section elementor-top-section elementor-element elementor-element-e327088 elementor-section-height-min-height elementor-section-boxed elementor-section-height-default elementor-section-items-middle\" data-id=\"e327088\" data-element_type=\"section\" data-settings=\"{&quot;background_background&quot;:&quot;classic&quot;}\">\n\t\t\t\t\t\t\t<div class=\"elementor-background-overlay\"><\/div>\n\t\t\t\t\t\t\t<div class=\"elementor-container elementor-column-gap-default\">\n\t\t\t\t\t<div class=\"elementor-column elementor-col-100 elementor-top-column elementor-element elementor-element-e8a2776\" data-id=\"e8a2776\" data-element_type=\"column\">\n\t\t\t<div class=\"elementor-widget-wrap elementor-element-populated\">\n\t\t\t\t\t\t\t\t<div class=\"elementor-element elementor-element-c479f57 elementor-widget elementor-widget-image\" data-id=\"c479f57\" data-element_type=\"widget\" data-widget_type=\"image.default\">\n\t\t\t\t<div class=\"elementor-widget-container\">\n\t\t\t<style>\/*! elementor - v3.6.6 - 08-06-2022 *\/\n.elementor-widget-image{text-align:center}.elementor-widget-image a{display:inline-block}.elementor-widget-image a img[src$=\".svg\"]{width:48px}.elementor-widget-image img{vertical-align:middle;display:inline-block}<\/style>\t\t\t\t\t\t\t\t\t\t\t\t<img loading=\"lazy\" decoding=\"async\" width=\"580\" height=\"136\" src=\"https:\/\/www.mercadeojaramillomora.com\/nuevosproyectospalmira\/wp-content\/uploads\/2022\/06\/logo-jaramillomora.webp\" class=\"attachment-large size-large\" alt=\"\" srcset=\"https:\/\/www.mercadeojaramillomora.com\/nuevosproyectospalmira\/wp-content\/uploads\/2022\/06\/logo-jaramillomora.webp 638w, https:\/\/www.mercadeojaramillomora.com\/nuevosproyectospalmira\/wp-content\/uploads\/2022\/06\/logo-jaramillomora-300x71.webp 300w\" sizes=\"auto, (max-width: 580px) 100vw, 580px\" \/>\t\t\t\t\t\t\t\t\t\t\t\t\t\t\t<\/div>\n\t\t\t\t<\/div>\n\t\t\t\t<div class=\"elementor-element elementor-element-1cb17a2 elementor-widget elementor-widget-image\" data-id=\"1cb17a2\" data-element_type=\"widget\" data-widget_type=\"image.default\">\n\t\t\t\t<div class=\"elementor-widget-container\">\n\t\t\t\t\t\t\t\t\t\t\t\t\t\t\t<img loading=\"lazy\" decoding=\"async\" width=\"414\" height=\"325\" src=\"https:\/\/www.mercadeojaramillomora.com\/nuevosproyectospalmira\/wp-content\/uploads\/2022\/06\/logo-la-italia.svg\" class=\"attachment-large size-large\" alt=\"\" \/>\t\t\t\t\t\t\t\t\t\t\t\t\t\t\t<\/div>\n\t\t\t\t<\/div>\n\t\t\t\t<div class=\"elementor-element elementor-element-19b348a elementor-widget elementor-widget-heading\" data-id=\"19b348a\" data-element_type=\"widget\" data-widget_type=\"heading.default\">\n\t\t\t\t<div class=\"elementor-widget-container\">\n\t\t\t<style>\/*! elementor - v3.6.6 - 08-06-2022 *\/\n.elementor-heading-title{padding:0;margin:0;line-height:1}.elementor-widget-heading .elementor-heading-title[class*=elementor-size-]>a{color:inherit;font-size:inherit;line-height:inherit}.elementor-widget-heading .elementor-heading-title.elementor-size-small{font-size:15px}.elementor-widget-heading .elementor-heading-title.elementor-size-medium{font-size:19px}.elementor-widget-heading .elementor-heading-title.elementor-size-large{font-size:29px}.elementor-widget-heading .elementor-heading-title.elementor-size-xl{font-size:39px}.elementor-widget-heading .elementor-heading-title.elementor-size-xxl{font-size:59px}<\/style><h2 class=\"elementor-heading-title elementor-size-default\">\u00a1GRACIAS A USTEDES\n<br>FINALIZAMOS VENTAS!<\/h2>\t\t<\/div>\n\t\t\t\t<\/div>\n\t\t\t\t\t<\/div>\n\t\t<\/div>\n\t\t\t\t\t\t\t<\/div>\n\t\t<\/section>\n\t\t\t\t<section class=\"elementor-section elementor-top-section elementor-element elementor-element-1395e04 elementor-section-boxed elementor-section-height-default elementor-section-height-default\" data-id=\"1395e04\" data-element_type=\"section\">\n\t\t\t\t\t\t<div class=\"elementor-container elementor-column-gap-default\">\n\t\t\t\t\t<div class=\"elementor-column elementor-col-100 elementor-top-column elementor-element elementor-element-e2c75a7\" data-id=\"e2c75a7\" data-element_type=\"column\">\n\t\t\t<div class=\"elementor-widget-wrap elementor-element-populated\">\n\t\t\t\t\t\t\t\t<section class=\"elementor-section elementor-inner-section elementor-element elementor-element-0c5a4ff elementor-section-boxed elementor-section-height-default elementor-section-height-default\" data-id=\"0c5a4ff\" data-element_type=\"section\" data-settings=\"{&quot;background_background&quot;:&quot;classic&quot;}\">\n\t\t\t\t\t\t<div class=\"elementor-container elementor-column-gap-default\">\n\t\t\t\t\t<div class=\"elementor-column elementor-col-50 elementor-inner-column elementor-element elementor-element-46fc855\" data-id=\"46fc855\" data-element_type=\"column\">\n\t\t\t<div class=\"elementor-widget-wrap elementor-element-populated\">\n\t\t\t\t\t\t\t\t<div class=\"elementor-element elementor-element-7f74f73 elementor-widget elementor-widget-image\" data-id=\"7f74f73\" data-element_type=\"widget\" data-widget_type=\"image.default\">\n\t\t\t\t<div class=\"elementor-widget-container\">\n\t\t\t\t\t\t\t\t\t\t\t\t\t\t\t<img loading=\"lazy\" decoding=\"async\" width=\"580\" height=\"383\" src=\"https:\/\/www.mercadeojaramillomora.com\/nuevosproyectospalmira\/wp-content\/uploads\/2022\/06\/familia.webp\" class=\"attachment-large size-large\" alt=\"\" srcset=\"https:\/\/www.mercadeojaramillomora.com\/nuevosproyectospalmira\/wp-content\/uploads\/2022\/06\/familia.webp 852w, https:\/\/www.mercadeojaramillomora.com\/nuevosproyectospalmira\/wp-content\/uploads\/2022\/06\/familia-300x198.webp 300w, https:\/\/www.mercadeojaramillomora.com\/nuevosproyectospalmira\/wp-content\/uploads\/2022\/06\/familia-768x507.webp 768w\" sizes=\"auto, (max-width: 580px) 100vw, 580px\" \/>\t\t\t\t\t\t\t\t\t\t\t\t\t\t\t<\/div>\n\t\t\t\t<\/div>\n\t\t\t\t\t<\/div>\n\t\t<\/div>\n\t\t\t\t<div class=\"elementor-column elementor-col-50 elementor-inner-column elementor-element elementor-element-8afbaf8\" data-id=\"8afbaf8\" data-element_type=\"column\">\n\t\t\t<div class=\"elementor-widget-wrap elementor-element-populated\">\n\t\t\t\t\t\t\t\t<div class=\"elementor-element elementor-element-3197001 elementor-widget elementor-widget-heading\" data-id=\"3197001\" data-element_type=\"widget\" data-widget_type=\"heading.default\">\n\t\t\t\t<div class=\"elementor-widget-container\">\n\t\t\t<h2 class=\"elementor-heading-title elementor-size-default\">M\u00e1s de 10.500 familias\nconfiaron en nosotros<\/h2>\t\t<\/div>\n\t\t\t\t<\/div>\n\t\t\t\t<div class=\"elementor-element elementor-element-142e8dd elementor-widget elementor-widget-text-editor\" data-id=\"142e8dd\" data-element_type=\"widget\" data-widget_type=\"text-editor.default\">\n\t\t\t\t<div class=\"elementor-widget-container\">\n\t\t\t<style>\/*! elementor - v3.6.6 - 08-06-2022 *\/\n.elementor-widget-text-editor.elementor-drop-cap-view-stacked .elementor-drop-cap{background-color:#818a91;color:#fff}.elementor-widget-text-editor.elementor-drop-cap-view-framed .elementor-drop-cap{color:#818a91;border:3px solid;background-color:transparent}.elementor-widget-text-editor:not(.elementor-drop-cap-view-default) .elementor-drop-cap{margin-top:8px}.elementor-widget-text-editor:not(.elementor-drop-cap-view-default) .elementor-drop-cap-letter{width:1em;height:1em}.elementor-widget-text-editor .elementor-drop-cap{float:left;text-align:center;line-height:1;font-size:50px}.elementor-widget-text-editor .elementor-drop-cap-letter{display:inline-block}<\/style>\t\t\t\t<p>En el sur de Palmira se construye el futuro de la ciudad. El macroproyecto La Nueva Italia ha cambiado totalmente el sector, convirti\u00e9ndolo en un \u00e1rea de vivienda planificada con todas las comodidades: Parques, ciclorutas, zonas de recreaci\u00f3n y estaciones biosaludables que promueven la calidad de vida de sus habitantes, propiciando un ambiente agradable, familiar y c\u00f3modo, que adem\u00e1s, est\u00e1 cerca a todo.<\/p>\t\t\t\t\t\t<\/div>\n\t\t\t\t<\/div>\n\t\t\t\t\t<\/div>\n\t\t<\/div>\n\t\t\t\t\t\t\t<\/div>\n\t\t<\/section>\n\t\t\t\t\t<\/div>\n\t\t<\/div>\n\t\t\t\t\t\t\t<\/div>\n\t\t<\/section>\n\t\t\t\t<section class=\"elementor-section elementor-top-section elementor-element elementor-element-7f199d4 elementor-section-boxed elementor-section-height-default elementor-section-height-default\" data-id=\"7f199d4\" data-element_type=\"section\">\n\t\t\t\t\t\t<div class=\"elementor-container elementor-column-gap-default\">\n\t\t\t\t\t<div class=\"elementor-column elementor-col-100 elementor-top-column elementor-element elementor-element-36ae4b8\" data-id=\"36ae4b8\" data-element_type=\"column\">\n\t\t\t<div class=\"elementor-widget-wrap elementor-element-populated\">\n\t\t\t\t\t\t\t\t<div class=\"elementor-element elementor-element-1336007 elementor-widget elementor-widget-heading\" data-id=\"1336007\" data-element_type=\"widget\" data-widget_type=\"heading.default\">\n\t\t\t\t<div class=\"elementor-widget-container\">\n\t\t\t<h4 class=\"elementor-heading-title elementor-size-default\">Muy  pronto tenderemos nuevos proyectos<\/h4>\t\t<\/div>\n\t\t\t\t<\/div>\n\t\t\t\t<div class=\"elementor-element elementor-element-cd73d41 elementor-widget elementor-widget-heading\" data-id=\"cd73d41\" data-element_type=\"widget\" data-widget_type=\"heading.default\">\n\t\t\t\t<div class=\"elementor-widget-container\">\n\t\t\t<h2 class=\"elementor-heading-title elementor-size-default\">Reg\u00edstrate para ser el primero en conocerlos<\/h2>\t\t<\/div>\n\t\t\t\t<\/div>\n\t\t\t\t<div class=\"elementor-element elementor-element-03b3a07 elementor-widget elementor-widget-html\" data-id=\"03b3a07\" data-element_type=\"widget\" data-widget_type=\"html.default\">\n\t\t\t\t<div class=\"elementor-widget-container\">\n\t\t\t<iframe class=\"fproyectos\" src=\"https:\/\/app.jaramillomora.com\/interfacepw\/comercial\/eventosbs.php?param1=Z305&param2=0&param3=731&param4=003\" height=\"450\" frameborder=\"0\" scrolling=\"no\"> <\/iframe>\t\t<\/div>\n\t\t\t\t<\/div>\n\t\t\t\t\t<\/div>\n\t\t<\/div>\n\t\t\t\t\t\t\t<\/div>\n\t\t<\/section>\n\t\t\t\t<section class=\"elementor-section elementor-top-section elementor-element elementor-element-9752c9a elementor-section-boxed elementor-section-height-default elementor-section-height-default\" data-id=\"9752c9a\" data-element_type=\"section\" data-settings=\"{&quot;background_background&quot;:&quot;classic&quot;}\">\n\t\t\t\t\t\t<div class=\"elementor-container elementor-column-gap-default\">\n\t\t\t\t\t<div class=\"elementor-column elementor-col-100 elementor-top-column elementor-element elementor-element-0839f8a\" data-id=\"0839f8a\" data-element_type=\"column\">\n\t\t\t<div class=\"elementor-widget-wrap elementor-element-populated\">\n\t\t\t\t\t\t\t\t<div class=\"elementor-element elementor-element-124f0af elementor-widget elementor-widget-heading\" data-id=\"124f0af\" data-element_type=\"widget\" data-widget_type=\"heading.default\">\n\t\t\t\t<div class=\"elementor-widget-container\">\n\t\t\t<h2 class=\"elementor-heading-title elementor-size-default\">Ll\u00e1manos al 3989898 para contarte m\u00e1s<\/h2>\t\t<\/div>\n\t\t\t\t<\/div>\n\t\t\t\t<div class=\"elementor-element elementor-element-df12e93 elementor-widget elementor-widget-text-editor\" data-id=\"df12e93\" data-element_type=\"widget\" data-widget_type=\"text-editor.default\">\n\t\t\t\t<div class=\"elementor-widget-container\">\n\t\t\t\t\t\t\t<p><span style=\"color: #999999;\">\u00a9 2025 La Italia<\/span> \u2013 <span style=\"color: #ff0000;\"><a style=\"color: #ff0000;\" href=\"https:\/\/www.jaramillomora.com\/\">Jaramillo Mora<\/a><\/span><\/p>\t\t\t\t\t\t<\/div>\n\t\t\t\t<\/div>\n\t\t\t\t\t<\/div>\n\t\t<\/div>\n\t\t\t\t\t\t\t<\/div>\n\t\t<\/section>\n\t\t\t\t\t\t\t<\/div>\n\t\t","protected":false},"excerpt":{"rendered":"<p>\u00a1GRACIAS A USTEDES FINALIZAMOS VENTAS! M\u00e1s de 10.500 familias confiaron en nosotros En el sur de Palmira se construye el futuro de la ciudad. El macroproyecto La Nueva Italia ha cambiado totalmente el sector, convirti\u00e9ndolo en un \u00e1rea de vivienda planificada con todas las comodidades: Parques, ciclorutas, zonas de recreaci\u00f3n y estaciones biosaludables que promueven [&hellip;]<\/p>\n","protected":false},"author":1,"featured_media":0,"parent":0,"menu_order":0,"comment_status":"closed","ping_status":"closed","template":"elementor_canvas","meta":{"footnotes":""},"class_list":["post-10","page","type-page","status-publish","hentry"],"_links":{"self":[{"href":"https:\/\/www.mercadeojaramillomora.com\/nuevosproyectospalmira\/wp-json\/wp\/v2\/pages\/10","targetHints":{"allow":["GET"]}}],"collection":[{"href":"https:\/\/www.mercadeojaramillomora.com\/nuevosproyectospalmira\/wp-json\/wp\/v2\/pages"}],"about":[{"href":"https:\/\/www.mercadeojaramillomora.com\/nuevosproyectospalmira\/wp-json\/wp\/v2\/types\/page"}],"author":[{"embeddable":true,"href":"https:\/\/www.mercadeojaramillomora.com\/nuevosproyectospalmira\/wp-json\/wp\/v2\/users\/1"}],"replies":[{"embeddable":true,"href":"https:\/\/www.mercadeojaramillomora.com\/nuevosproyectospalmira\/wp-json\/wp\/v2\/comments?post=10"}],"version-history":[{"count":94,"href":"https:\/\/www.mercadeojaramillomora.com\/nuevosproyectospalmira\/wp-json\/wp\/v2\/pages\/10\/revisions"}],"predecessor-version":[{"id":114,"href":"https:\/\/www.mercadeojaramillomora.com\/nuevosproyectospalmira\/wp-json\/wp\/v2\/pages\/10\/revisions\/114"}],"wp:attachment":[{"href":"https:\/\/www.mercadeojaramillomora.com\/nuevosproyectospalmira\/wp-json\/wp\/v2\/media?parent=10"}],"curies":[{"name":"wp","href":"https:\/\/api.w.org\/{rel}","templated":true}]}}